{"id":63,"date":"2024-04-05T13:22:06","date_gmt":"2024-04-05T16:22:06","guid":{"rendered":"https:\/\/ead2024.aulasninja.com\/?page_id=63"},"modified":"2025-12-07T11:44:28","modified_gmt":"2025-12-07T14:44:28","slug":"home","status":"publish","type":"page","link":"https:\/\/maisengenhariaead.com.br\/en\/","title":{"rendered":"Home"},"content":{"rendered":"\t\t<div data-elementor-type=\"wp-page\" data-elementor-id=\"63\" class=\"elementor elementor-63\" data-elementor-post-type=\"page\">\n\t\t\t\t<div class=\"elementor-element elementor-element-2206464f e-flex e-con-boxed e-con e-parent\" data-id=\"2206464f\" data-element_type=\"container\" data-e-type=\"container\" data-settings=\"{&quot;background_background&quot;:&quot;classic&quot;}\">\n\t\t\t\t\t<div class=\"e-con-inner\">\n\t\t<div class=\"elementor-element elementor-element-77069f7 e-con-full e-flex e-con e-child\" data-id=\"77069f7\" data-element_type=\"container\" data-e-type=\"container\">\n\t\t\t\t<div class=\"elementor-element elementor-element-cc4bbbf elementor-widget elementor-widget-text-editor\" data-id=\"cc4bbbf\" data-element_type=\"widget\" data-e-type=\"widget\" data-widget_type=\"text-editor.default\">\n\t\t\t\t<div class=\"elementor-widget-container\">\n\t\t\t\t\t\t\t\t\t<p style=\"text-align: center;\"><strong><span style=\"color: #92e841;\">CURSOS COM ASSISTENTES GPT EM AT\u00c9 <\/span><\/strong><span style=\"color: #ff9900;\"><strong>12 VEZES NO CART\u00c3O<\/strong><\/span><\/p>\t\t\t\t\t\t\t\t<\/div>\n\t\t\t\t<\/div>\n\t\t\t\t<\/div>\n\t\t\t\t\t<\/div>\n\t\t\t\t<\/div>\n\t\t<section class=\"elementor-element elementor-element-14e39d33 e-con-full e-flex e-con e-parent\" data-id=\"14e39d33\" data-element_type=\"container\" data-e-type=\"container\">\n\t\t\t\t<div class=\"elementor-element elementor-element-db04233 elementor-widget elementor-widget-heading\" data-id=\"db04233\" data-element_type=\"widget\" data-e-type=\"widget\" data-widget_type=\"heading.default\">\n\t\t\t\t<div class=\"elementor-widget-container\">\n\t\t\t\t\t<h2 class=\"elementor-heading-title elementor-size-default\">Seja bem-vindo \u00e0 \nMais Engenharia EaD<\/h2>\t\t\t\t<\/div>\n\t\t\t\t<\/div>\n\t\t\t\t<\/section>\n\t\t<div class=\"elementor-element elementor-element-711c71d e-flex e-con-boxed e-con e-parent\" data-id=\"711c71d\" data-element_type=\"container\" data-e-type=\"container\">\n\t\t\t\t\t<div class=\"e-con-inner\">\n\t\t\t\t<div class=\"elementor-element elementor-element-b7fde1f elementor-align-center elementor-widget elementor-widget-button\" data-id=\"b7fde1f\" data-element_type=\"widget\" data-e-type=\"widget\" data-widget_type=\"button.default\">\n\t\t\t\t<div class=\"elementor-widget-container\">\n\t\t\t\t\t\t\t\t\t<div class=\"elementor-button-wrapper\">\n\t\t\t\t\t<a class=\"elementor-button elementor-button-link elementor-size-sm\" href=\"https:\/\/maisengenhariaead.com.br\/en\/painel\/\">\n\t\t\t\t\t\t<span class=\"elementor-button-content-wrapper\">\n\t\t\t\t\t\t<span class=\"elementor-button-icon\">\n\t\t\t\t<svg aria-hidden=\"true\" class=\"e-font-icon-svg e-fas-angle-right\" viewBox=\"0 0 256 512\" xmlns=\"http:\/\/www.w3.org\/2000\/svg\"><path d=\"M224.3 273l-136 136c-9.4 9.4-24.6 9.4-33.9 0l-22.6-22.6c-9.4-9.4-9.4-24.6 0-33.9l96.4-96.4-96.4-96.4c-9.4-9.4-9.4-24.6 0-33.9L54.3 103c9.4-9.4 24.6-9.4 33.9 0l136 136c9.5 9.4 9.5 24.6.1 34z\"><\/path><\/svg>\t\t\t<\/span>\n\t\t\t\t\t\t\t\t\t<span class=\"elementor-button-text\">Acesse Seus Produtos Aqui!<\/span>\n\t\t\t\t\t<\/span>\n\t\t\t\t\t<\/a>\n\t\t\t\t<\/div>\n\t\t\t\t\t\t\t\t<\/div>\n\t\t\t\t<\/div>\n\t\t\t\t\t<\/div>\n\t\t\t\t<\/div>\n\t\t<div class=\"elementor-element elementor-element-f7362af e-flex e-con-boxed e-con e-parent\" data-id=\"f7362af\" data-element_type=\"container\" data-e-type=\"container\">\n\t\t\t\t\t<div class=\"e-con-inner\">\n\t\t\t\t<div class=\"elementor-element elementor-element-8000340 elementor-widget elementor-widget-heading\" data-id=\"8000340\" data-element_type=\"widget\" data-e-type=\"widget\" data-widget_type=\"heading.default\">\n\t\t\t\t<div class=\"elementor-widget-container\">\n\t\t\t\t\t<h3 class=\"elementor-heading-title elementor-size-default\">Confira as Publica\u00e7\u00f5es da +EngEaD<\/h3>\t\t\t\t<\/div>\n\t\t\t\t<\/div>\n\t\t\t\t<div class=\"elementor-element elementor-element-a4ce082 elementor-grid-3 elementor-grid-tablet-2 elementor-grid-mobile-1 elementor-posts--thumbnail-top elementor-widget elementor-widget-posts\" data-id=\"a4ce082\" data-element_type=\"widget\" data-e-type=\"widget\" data-settings=\"{&quot;classic_masonry&quot;:&quot;yes&quot;,&quot;classic_columns&quot;:&quot;3&quot;,&quot;classic_columns_tablet&quot;:&quot;2&quot;,&quot;classic_columns_mobile&quot;:&quot;1&quot;,&quot;classic_row_gap&quot;:{&quot;unit&quot;:&quot;px&quot;,&quot;size&quot;:35,&quot;sizes&quot;:[]},&quot;classic_row_gap_widescreen&quot;:{&quot;unit&quot;:&quot;px&quot;,&quot;size&quot;:&quot;&quot;,&quot;sizes&quot;:[]},&quot;classic_row_gap_laptop&quot;:{&quot;unit&quot;:&quot;px&quot;,&quot;size&quot;:&quot;&quot;,&quot;sizes&quot;:[]},&quot;classic_row_gap_tablet&quot;:{&quot;unit&quot;:&quot;px&quot;,&quot;size&quot;:&quot;&quot;,&quot;sizes&quot;:[]},&quot;classic_row_gap_mobile&quot;:{&quot;unit&quot;:&quot;px&quot;,&quot;size&quot;:&quot;&quot;,&quot;sizes&quot;:[]}}\" data-widget_type=\"posts.classic\">\n\t\t\t\t<div class=\"elementor-widget-container\">\n\t\t\t\t\t\t\t<div class=\"elementor-posts-container elementor-posts elementor-posts--skin-classic elementor-grid\" role=\"list\">\n\t\t\t\t<article class=\"elementor-post elementor-grid-item post-4282 post type-post status-publish format-standard has-post-thumbnail hentry category-blog\" role=\"listitem\">\n\t\t\t\t<a class=\"elementor-post__thumbnail__link\" href=\"https:\/\/maisengenhariaead.com.br\/en\/incendio-em-carro-eletrico-o-que-realmente-aconteceu\/\" tabindex=\"-1\" >\n\t\t\t<div class=\"elementor-post__thumbnail\"><img fetchpriority=\"high\" decoding=\"async\" width=\"768\" height=\"432\" src=\"https:\/\/maisengenhariaead.com.br\/wp-content\/uploads\/2025\/10\/CAPABLOGINCENDIO-768x432.png\" class=\"attachment-medium_large size-medium_large wp-image-4289\" alt=\"\" srcset=\"https:\/\/maisengenhariaead.com.br\/wp-content\/uploads\/2025\/10\/CAPABLOGINCENDIO-768x432.png 768w, https:\/\/maisengenhariaead.com.br\/wp-content\/uploads\/2025\/10\/CAPABLOGINCENDIO-300x169.png 300w, https:\/\/maisengenhariaead.com.br\/wp-content\/uploads\/2025\/10\/CAPABLOGINCENDIO-1024x576.png 1024w, https:\/\/maisengenhariaead.com.br\/wp-content\/uploads\/2025\/10\/CAPABLOGINCENDIO-18x10.png 18w, https:\/\/maisengenhariaead.com.br\/wp-content\/uploads\/2025\/10\/CAPABLOGINCENDIO-160x90.png 160w, https:\/\/maisengenhariaead.com.br\/wp-content\/uploads\/2025\/10\/CAPABLOGINCENDIO-600x338.png 600w, https:\/\/maisengenhariaead.com.br\/wp-content\/uploads\/2025\/10\/CAPABLOGINCENDIO-89x50.png 89w, https:\/\/maisengenhariaead.com.br\/wp-content\/uploads\/2025\/10\/CAPABLOGINCENDIO.png 1280w\" sizes=\"(max-width: 768px) 100vw, 768px\" \/><\/div>\n\t\t<\/a>\n\t\t\t\t<div class=\"elementor-post__text\">\n\t\t\t\t<h3 class=\"elementor-post__title\">\n\t\t\t<a href=\"https:\/\/maisengenhariaead.com.br\/en\/incendio-em-carro-eletrico-o-que-realmente-aconteceu\/\" >\n\t\t\t\tInc\u00eandio em Carro El\u00e9trico: o que realmente aconteceu?\t\t\t<\/a>\n\t\t<\/h3>\n\t\t\n\t\t<a class=\"elementor-post__read-more\" href=\"https:\/\/maisengenhariaead.com.br\/en\/incendio-em-carro-eletrico-o-que-realmente-aconteceu\/\" aria-label=\"Read more about Inc\u00eandio em Carro El\u00e9trico: o que realmente aconteceu?\" tabindex=\"-1\" >\n\t\t\tLeia mais \u00bb\t\t<\/a>\n\n\t\t\t\t<\/div>\n\t\t\t\t<\/article>\n\t\t\t\t<article class=\"elementor-post elementor-grid-item post-4221 post type-post status-publish format-standard has-post-thumbnail hentry category-blog\" role=\"listitem\">\n\t\t\t\t<a class=\"elementor-post__thumbnail__link\" href=\"https:\/\/maisengenhariaead.com.br\/en\/elementor-4221\/\" tabindex=\"-1\" >\n\t\t\t<div class=\"elementor-post__thumbnail\"><img decoding=\"async\" width=\"768\" height=\"432\" src=\"https:\/\/maisengenhariaead.com.br\/wp-content\/uploads\/2025\/09\/PodCastPlanejamento-768x432.png\" class=\"attachment-medium_large size-medium_large wp-image-4234\" alt=\"\" srcset=\"https:\/\/maisengenhariaead.com.br\/wp-content\/uploads\/2025\/09\/PodCastPlanejamento-768x432.png 768w, https:\/\/maisengenhariaead.com.br\/wp-content\/uploads\/2025\/09\/PodCastPlanejamento-300x169.png 300w, https:\/\/maisengenhariaead.com.br\/wp-content\/uploads\/2025\/09\/PodCastPlanejamento-1024x576.png 1024w, https:\/\/maisengenhariaead.com.br\/wp-content\/uploads\/2025\/09\/PodCastPlanejamento-18x10.png 18w, https:\/\/maisengenhariaead.com.br\/wp-content\/uploads\/2025\/09\/PodCastPlanejamento-160x90.png 160w, https:\/\/maisengenhariaead.com.br\/wp-content\/uploads\/2025\/09\/PodCastPlanejamento-600x338.png 600w, https:\/\/maisengenhariaead.com.br\/wp-content\/uploads\/2025\/09\/PodCastPlanejamento-89x50.png 89w, https:\/\/maisengenhariaead.com.br\/wp-content\/uploads\/2025\/09\/PodCastPlanejamento.png 1280w\" sizes=\"(max-width: 768px) 100vw, 768px\" \/><\/div>\n\t\t<\/a>\n\t\t\t\t<div class=\"elementor-post__text\">\n\t\t\t\t<h3 class=\"elementor-post__title\">\n\t\t\t<a href=\"https:\/\/maisengenhariaead.com.br\/en\/elementor-4221\/\" >\n\t\t\t\tO segredo do instalador profissional: Memorial e Termo de Entrega na pr\u00e1tica\t\t\t<\/a>\n\t\t<\/h3>\n\t\t\n\t\t<a class=\"elementor-post__read-more\" href=\"https:\/\/maisengenhariaead.com.br\/en\/elementor-4221\/\" aria-label=\"Read more about O segredo do instalador profissional: Memorial e Termo de Entrega na pr\u00e1tica\" tabindex=\"-1\" >\n\t\t\tLeia mais \u00bb\t\t<\/a>\n\n\t\t\t\t<\/div>\n\t\t\t\t<\/article>\n\t\t\t\t<\/div>\n\t\t\n\t\t\t\t\t\t<\/div>\n\t\t\t\t<\/div>\n\t\t\t\t\t<\/div>\n\t\t\t\t<\/div>\n\t\t<div class=\"elementor-element elementor-element-182e8e68 e-flex e-con-boxed e-con e-parent\" data-id=\"182e8e68\" data-element_type=\"container\" data-e-type=\"container\">\n\t\t\t\t\t<div class=\"e-con-inner\">\n\t\t<div class=\"elementor-element elementor-element-3effd9fc e-flex e-con-boxed e-con e-child\" data-id=\"3effd9fc\" data-element_type=\"container\" data-e-type=\"container\" data-settings=\"{&quot;background_background&quot;:&quot;classic&quot;,&quot;sticky&quot;:&quot;top&quot;,&quot;sticky_parent&quot;:&quot;yes&quot;,&quot;sticky_on&quot;:[&quot;widescreen&quot;,&quot;desktop&quot;,&quot;laptop&quot;,&quot;tablet&quot;,&quot;mobile&quot;],&quot;sticky_offset&quot;:0,&quot;sticky_effects_offset&quot;:0,&quot;sticky_anchor_link_offset&quot;:0}\">\n\t\t\t\t\t<div class=\"e-con-inner\">\n\t\t<div class=\"elementor-element elementor-element-50c68c2c e-con-full e-flex e-con e-child\" data-id=\"50c68c2c\" data-element_type=\"container\" data-e-type=\"container\">\n\t\t\t\t<div class=\"elementor-element elementor-element-732edee9 elementor-widget elementor-widget-heading\" data-id=\"732edee9\" data-element_type=\"widget\" data-e-type=\"widget\" data-widget_type=\"heading.default\">\n\t\t\t\t<div class=\"elementor-widget-container\">\n\t\t\t\t\t<h2 class=\"elementor-heading-title elementor-size-default\">Por que escolher nossos curso EAD?<\/h2>\t\t\t\t<\/div>\n\t\t\t\t<\/div>\n\t\t\t\t<div class=\"elementor-element elementor-element-1db1ee23 elementor-widget elementor-widget-heading\" data-id=\"1db1ee23\" data-element_type=\"widget\" data-e-type=\"widget\" data-widget_type=\"heading.default\">\n\t\t\t\t<div class=\"elementor-widget-container\">\n\t\t\t\t\t<p class=\"elementor-heading-title elementor-size-default\">Nossos cursos a dist\u00e2ncia oferecem uma forma flex\u00edvel e eficaz de adquirir novas habilidades e avan\u00e7ar na sua carreira, tudo isso de acordo com seu pr\u00f3prio cronograma e de qualquer lugar do mundo.<\/p>\t\t\t\t<\/div>\n\t\t\t\t<\/div>\n\t\t\t\t<\/div>\n\t\t\t\t<div class=\"elementor-element elementor-element-1f8b2751 elementor-widget__width-initial elementor-widget elementor-widget-image\" data-id=\"1f8b2751\" data-element_type=\"widget\" data-e-type=\"widget\" data-widget_type=\"image.default\">\n\t\t\t\t<div class=\"elementor-widget-container\">\n\t\t\t\t\t\t\t\t\t\t\t\t\t\t\t<img decoding=\"async\" width=\"720\" height=\"400\" src=\"https:\/\/maisengenhariaead.com.br\/wp-content\/uploads\/2025\/12\/imagens-curso_0009_853.webp\" class=\"attachment-large size-large wp-image-4356\" alt=\"\" srcset=\"https:\/\/maisengenhariaead.com.br\/wp-content\/uploads\/2025\/12\/imagens-curso_0009_853.webp 720w, https:\/\/maisengenhariaead.com.br\/wp-content\/uploads\/2025\/12\/imagens-curso_0009_853-300x167.webp 300w, https:\/\/maisengenhariaead.com.br\/wp-content\/uploads\/2025\/12\/imagens-curso_0009_853-18x10.webp 18w, https:\/\/maisengenhariaead.com.br\/wp-content\/uploads\/2025\/12\/imagens-curso_0009_853-160x90.webp 160w, https:\/\/maisengenhariaead.com.br\/wp-content\/uploads\/2025\/12\/imagens-curso_0009_853-600x333.webp 600w, https:\/\/maisengenhariaead.com.br\/wp-content\/uploads\/2025\/12\/imagens-curso_0009_853-90x50.webp 90w\" sizes=\"(max-width: 720px) 100vw, 720px\" \/>\t\t\t\t\t\t\t\t\t\t\t\t\t\t\t<\/div>\n\t\t\t\t<\/div>\n\t\t\t\t\t<\/div>\n\t\t\t\t<\/div>\n\t\t<div class=\"elementor-element elementor-element-61484b3b e-flex e-con-boxed e-con e-child\" data-id=\"61484b3b\" data-element_type=\"container\" data-e-type=\"container\" data-settings=\"{&quot;background_background&quot;:&quot;classic&quot;,&quot;sticky&quot;:&quot;top&quot;,&quot;sticky_offset&quot;:80,&quot;sticky_parent&quot;:&quot;yes&quot;,&quot;sticky_on&quot;:[&quot;widescreen&quot;,&quot;desktop&quot;,&quot;laptop&quot;,&quot;tablet&quot;,&quot;mobile&quot;],&quot;sticky_effects_offset&quot;:0,&quot;sticky_anchor_link_offset&quot;:0}\">\n\t\t\t\t\t<div class=\"e-con-inner\">\n\t\t<div class=\"elementor-element elementor-element-469c1c15 e-con-full e-flex e-con e-child\" data-id=\"469c1c15\" data-element_type=\"container\" data-e-type=\"container\">\n\t\t\t\t<div class=\"elementor-element elementor-element-3dd7adfd elementor-widget elementor-widget-heading\" data-id=\"3dd7adfd\" data-element_type=\"widget\" data-e-type=\"widget\" data-widget_type=\"heading.default\">\n\t\t\t\t<div class=\"elementor-widget-container\">\n\t\t\t\t\t<h2 class=\"elementor-heading-title elementor-size-default\">Flexibilidade Total<\/h2>\t\t\t\t<\/div>\n\t\t\t\t<\/div>\n\t\t\t\t<div class=\"elementor-element elementor-element-21eccb64 elementor-widget elementor-widget-heading\" data-id=\"21eccb64\" data-element_type=\"widget\" data-e-type=\"widget\" data-widget_type=\"heading.default\">\n\t\t\t\t<div class=\"elementor-widget-container\">\n\t\t\t\t\t<p class=\"elementor-heading-title elementor-size-default\">Acesse o conte\u00fado dos cursos a qualquer hora e de qualquer lugar, adaptando-se facilmente \u00e0 sua rotina.<\/p>\t\t\t\t<\/div>\n\t\t\t\t<\/div>\n\t\t\t\t<\/div>\n\t\t\t\t<div class=\"elementor-element elementor-element-756d7b5b elementor-widget__width-initial elementor-widget elementor-widget-image\" data-id=\"756d7b5b\" data-element_type=\"widget\" data-e-type=\"widget\" data-widget_type=\"image.default\">\n\t\t\t\t<div class=\"elementor-widget-container\">\n\t\t\t\t\t\t\t\t\t\t\t\t\t\t\t<img loading=\"lazy\" decoding=\"async\" width=\"720\" height=\"400\" src=\"https:\/\/maisengenhariaead.com.br\/wp-content\/uploads\/2025\/12\/imagens-curso_0008_86328.webp\" class=\"attachment-large size-large wp-image-4358\" alt=\"\" srcset=\"https:\/\/maisengenhariaead.com.br\/wp-content\/uploads\/2025\/12\/imagens-curso_0008_86328.webp 720w, https:\/\/maisengenhariaead.com.br\/wp-content\/uploads\/2025\/12\/imagens-curso_0008_86328-300x167.webp 300w, https:\/\/maisengenhariaead.com.br\/wp-content\/uploads\/2025\/12\/imagens-curso_0008_86328-18x10.webp 18w, https:\/\/maisengenhariaead.com.br\/wp-content\/uploads\/2025\/12\/imagens-curso_0008_86328-160x90.webp 160w, https:\/\/maisengenhariaead.com.br\/wp-content\/uploads\/2025\/12\/imagens-curso_0008_86328-600x333.webp 600w, https:\/\/maisengenhariaead.com.br\/wp-content\/uploads\/2025\/12\/imagens-curso_0008_86328-90x50.webp 90w\" sizes=\"(max-width: 720px) 100vw, 720px\" \/>\t\t\t\t\t\t\t\t\t\t\t\t\t\t\t<\/div>\n\t\t\t\t<\/div>\n\t\t\t\t\t<\/div>\n\t\t\t\t<\/div>\n\t\t<div class=\"elementor-element elementor-element-1306b9d1 e-flex e-con-boxed e-con e-child\" data-id=\"1306b9d1\" data-element_type=\"container\" data-e-type=\"container\" data-settings=\"{&quot;background_background&quot;:&quot;classic&quot;,&quot;sticky&quot;:&quot;top&quot;,&quot;sticky_offset&quot;:160,&quot;sticky_parent&quot;:&quot;yes&quot;,&quot;sticky_on&quot;:[&quot;widescreen&quot;,&quot;desktop&quot;,&quot;laptop&quot;,&quot;tablet&quot;,&quot;mobile&quot;],&quot;sticky_effects_offset&quot;:0,&quot;sticky_anchor_link_offset&quot;:0}\">\n\t\t\t\t\t<div class=\"e-con-inner\">\n\t\t<div class=\"elementor-element elementor-element-5bbd7c56 e-con-full e-flex e-con e-child\" data-id=\"5bbd7c56\" data-element_type=\"container\" data-e-type=\"container\">\n\t\t\t\t<div class=\"elementor-element elementor-element-2c290b0f elementor-widget elementor-widget-heading\" data-id=\"2c290b0f\" data-element_type=\"widget\" data-e-type=\"widget\" data-widget_type=\"heading.default\">\n\t\t\t\t<div class=\"elementor-widget-container\">\n\t\t\t\t\t<h2 class=\"elementor-heading-title elementor-size-default\">Aprendizado Personalizado<\/h2>\t\t\t\t<\/div>\n\t\t\t\t<\/div>\n\t\t\t\t<div class=\"elementor-element elementor-element-2f02596b elementor-widget elementor-widget-heading\" data-id=\"2f02596b\" data-element_type=\"widget\" data-e-type=\"widget\" data-widget_type=\"heading.default\">\n\t\t\t\t<div class=\"elementor-widget-container\">\n\t\t\t\t\t<p class=\"elementor-heading-title elementor-size-default\">Prossiga no seu pr\u00f3prio ritmo, com acesso a recursos que atendem a todos os estilos de aprendizado<\/p>\t\t\t\t<\/div>\n\t\t\t\t<\/div>\n\t\t\t\t<\/div>\n\t\t\t\t<div class=\"elementor-element elementor-element-6dc0f164 elementor-widget__width-initial elementor-widget elementor-widget-image\" data-id=\"6dc0f164\" data-element_type=\"widget\" data-e-type=\"widget\" data-widget_type=\"image.default\">\n\t\t\t\t<div class=\"elementor-widget-container\">\n\t\t\t\t\t\t\t\t\t\t\t\t\t\t\t<img loading=\"lazy\" decoding=\"async\" width=\"720\" height=\"400\" src=\"https:\/\/maisengenhariaead.com.br\/wp-content\/uploads\/2025\/12\/imagens-curso_0001_18707.webp\" class=\"attachment-large size-large wp-image-4359\" alt=\"\" srcset=\"https:\/\/maisengenhariaead.com.br\/wp-content\/uploads\/2025\/12\/imagens-curso_0001_18707.webp 720w, https:\/\/maisengenhariaead.com.br\/wp-content\/uploads\/2025\/12\/imagens-curso_0001_18707-300x167.webp 300w, https:\/\/maisengenhariaead.com.br\/wp-content\/uploads\/2025\/12\/imagens-curso_0001_18707-18x10.webp 18w, https:\/\/maisengenhariaead.com.br\/wp-content\/uploads\/2025\/12\/imagens-curso_0001_18707-160x90.webp 160w, https:\/\/maisengenhariaead.com.br\/wp-content\/uploads\/2025\/12\/imagens-curso_0001_18707-600x333.webp 600w, https:\/\/maisengenhariaead.com.br\/wp-content\/uploads\/2025\/12\/imagens-curso_0001_18707-90x50.webp 90w\" sizes=\"(max-width: 720px) 100vw, 720px\" \/>\t\t\t\t\t\t\t\t\t\t\t\t\t\t\t<\/div>\n\t\t\t\t<\/div>\n\t\t\t\t\t<\/div>\n\t\t\t\t<\/div>\n\t\t\t\t\t<\/div>\n\t\t\t\t<\/div>\n\t\t<div class=\"elementor-element elementor-element-274c162 e-flex e-con-boxed e-con e-parent\" data-id=\"274c162\" data-element_type=\"container\" data-e-type=\"container\">\n\t\t\t\t\t<div class=\"e-con-inner\">\n\t\t\t\t\t<\/div>\n\t\t\t\t<\/div>\n\t\t\t\t<\/div>\n\t\t","protected":false},"excerpt":{"rendered":"<p>CURSOS COM ASSISTENTES GPT EM AT\u00c9 12 VEZES NO CART\u00c3O Seja bem-vindo \u00e0 Mais Engenharia EaD Acesse Seus<\/p>","protected":false},"author":3,"featured_media":0,"parent":0,"menu_order":0,"comment_status":"closed","ping_status":"closed","template":"elementor_header_footer","meta":{"_tutorstarter_page_metadata":[],"footnotes":""},"class_list":["post-63","page","type-page","status-publish","hentry"],"_links":{"self":[{"href":"https:\/\/maisengenhariaead.com.br\/en\/wp-json\/wp\/v2\/pages\/63","targetHints":{"allow":["GET"]}}],"collection":[{"href":"https:\/\/maisengenhariaead.com.br\/en\/wp-json\/wp\/v2\/pages"}],"about":[{"href":"https:\/\/maisengenhariaead.com.br\/en\/wp-json\/wp\/v2\/types\/page"}],"author":[{"embeddable":true,"href":"https:\/\/maisengenhariaead.com.br\/en\/wp-json\/wp\/v2\/users\/3"}],"replies":[{"embeddable":true,"href":"https:\/\/maisengenhariaead.com.br\/en\/wp-json\/wp\/v2\/comments?post=63"}],"version-history":[{"count":379,"href":"https:\/\/maisengenhariaead.com.br\/en\/wp-json\/wp\/v2\/pages\/63\/revisions"}],"predecessor-version":[{"id":4362,"href":"https:\/\/maisengenhariaead.com.br\/en\/wp-json\/wp\/v2\/pages\/63\/revisions\/4362"}],"wp:attachment":[{"href":"https:\/\/maisengenhariaead.com.br\/en\/wp-json\/wp\/v2\/media?parent=63"}],"curies":[{"name":"wp","href":"https:\/\/api.w.org\/{rel}","templated":true}]}}